{"id":4013,"date":"2021-04-21T07:39:55","date_gmt":"2021-04-21T05:39:55","guid":{"rendered":"https:\/\/www.carmensimonart.com\/politica-de-privacitat\/"},"modified":"2025-01-29T16:13:39","modified_gmt":"2025-01-29T15:13:39","slug":"politica-de-privacidad","status":"publish","type":"page","link":"https:\/\/www.carmensimonart.com\/es\/politica-de-privacidad\/","title":{"rendered":"Pol\u00edtica de Privacidad"},"content":{"rendered":"\t\t<div data-elementor-type=\"wp-page\" data-elementor-id=\"4013\" class=\"elementor elementor-4013 elementor-3\" data-elementor-post-type=\"page\">\n\t\t\t\t<div class=\"elementor-element elementor-element-7fbfe84 e-con-full e-flex e-con e-parent\" data-id=\"7fbfe84\" data-element_type=\"container\">\n\t\t<div class=\"elementor-element elementor-element-9b2a54e e-con-full e-flex e-con e-child\" data-id=\"9b2a54e\" data-element_type=\"container\">\n\t\t\t\t<div class=\"elementor-element elementor-element-ae0dda9 elementor-widget elementor-widget-qi_addons_for_elementor_animated_text\" data-id=\"ae0dda9\" data-element_type=\"widget\" data-widget_type=\"qi_addons_for_elementor_animated_text.default\">\n\t\t\t\t<div class=\"elementor-widget-container\">\n\t\t\t\t\t<div class=\"qodef-shortcode qodef-m qodef-qi-animated-text qodef--alignment-center qodef-qi--has-appear qodef--appear-from-bottom\" >\n\t\t<h2 class=\"qodef-m-title\">\n\t\tPol\u00edtica de Privacidad\t<\/h2>\n<\/div>\n\t\t\t\t<\/div>\n\t\t\t\t<\/div>\n\t\t<div class=\"elementor-element elementor-element-5c67ded e-con-full e-flex e-con e-child\" data-id=\"5c67ded\" data-element_type=\"container\">\n\t\t\t\t<div class=\"elementor-element elementor-element-3a0d419 elementor-widget elementor-widget-text-editor\" data-id=\"3a0d419\" data-element_type=\"widget\" data-widget_type=\"text-editor.default\">\n\t\t\t\t<div class=\"elementor-widget-container\">\n\t\t\t\t\t\t\t\t\t<p><b>Reglamento General de Protecci\u00f3n de Datos (RGDP) \u2013 Diciembre de 2018.<\/b><\/p><p><span style=\"font-weight: 400;\">Le informamos que los datos personales de nuestros clientes ser\u00e1n tratados de conformidad con la legislaci\u00f3n vigente en materia de protecci\u00f3n de datos personales, la privacidad de los usuarios y el secreto y seguridad de los datos personales, de conformidad con lo establecido en Ley Org\u00e1nica 3\/2018, de 5 de diciembre, de Protecci\u00f3n de Datos Personales y garant\u00eda de los derechos digitales (LOPD-GDD) y en el Reglamento (UE) 2016\/679 del Parlamento Europeo y del Consejo de 27 de abril de 2016 relativo a la protecci\u00f3n de las personas f\u00edsicas en lo que respecta al tratamiento de datos personales (RGPD).<\/span><\/p><p><span style=\"font-weight: 400;\">A fin de cumplir con el mencionado Reglamento, hemos actualizado nuestra Pol\u00edtica de Privacidad:<\/span><\/p><p><span style=\"font-weight: 400;\">Responsable: Carmen Simon Dalmau<\/span><span style=\"font-weight: 400;\">\u00a0con NIF 77910966F<\/span><\/p><p><span style=\"font-weight: 400;\">Finalidad del tratamiento: tratamos la informaci\u00f3n que nos facilita con el fin de prestarles el servicio solicitado y enviarles comunicaciones relativas al contenido de nuestros productos y servicios.<\/span><\/p><ul><li><span style=\"font-weight: 400;\">Procedencia y categor\u00eda de datos tratados: los datos personales que trataremos son sus datos identificativos que usted nos facilite a trav\u00e9s del formulario de registro que encontrar\u00e1 en nuestro sitio web.<\/span><\/li><li><span style=\"font-weight: 400;\">Tiempo de conservaci\u00f3n: los datos proporcionados se conservar\u00e1n mientras se mantenga la relaci\u00f3n comercial o durante los a\u00f1os necesarios para cumplir con las obligaciones legales.<\/span><\/li><li><span style=\"font-weight: 400;\">Legitimaci\u00f3n: tratamos sus datos s\u00f3lo si contamos con su consentimiento expreso e informado para hacerlo, y siempre conforme a las finalidades descritas.<\/span><\/li><li><span style=\"font-weight: 400;\">Destinatarios: los datos que usted nos facilite no se ceder\u00e1n a terceros salvo en los casos en que exista una obligaci\u00f3n legal.<\/span><\/li><\/ul><p><span style=\"font-weight: 400;\">Si bien, para llevar a cabo determinadas funciones necesarias para la prestaci\u00f3n del servicio, sus datos pueden ser tratados por terceros que actuar\u00e1n como encargados de tratamiento y que estar\u00e1n obligados contractualmente a cumplir con sus obligaciones legales de encargado de tratamiento, a mantener la confidencialidad y secreto de la informaci\u00f3n.<\/span><\/p><ul><li><span style=\"font-weight: 400;\">Derechos: usted es titular de los siguientes derechos sobre sus datos de car\u00e1cter personal:<\/span><\/li><li><span style=\"font-weight: 400;\">Derecho a solicitar el acceso a los datos personales.<\/span><\/li><li><span style=\"font-weight: 400;\">Derecho a solicitar su rectificaci\u00f3n o supresi\u00f3n.<\/span><\/li><li><span style=\"font-weight: 400;\">Derecho a solicitar la limitaci\u00f3n u oposici\u00f3n de su tratamiento.<\/span><\/li><li><span style=\"font-weight: 400;\">Revocaci\u00f3n del consentimiento prestado.<\/span><\/li><li><span style=\"font-weight: 400;\">Derecho a la portabilidad de sus datos<\/span><\/li><\/ul><p><span style=\"font-weight: 400;\">Para el ejercicio de los derechos deber\u00e1 dirigirnos una comunicaci\u00f3n escrita a trav\u00e9s de correo electr\u00f3nico a la direcci\u00f3n hola@carmensimonart.com especificando el derecho que desea ejercitar.<\/span><\/p><p><span style=\"font-weight: 400;\">Asimismo, le informamos que puede usted solicitar la tutela de sus derechos ante la Agencia Espa\u00f1ola de Protecci\u00f3n de Datos con sede en la Calle de Jorge Juan, 6, 28001 Madrid.<\/span><\/p>\t\t\t\t\t\t\t\t<\/div>\n\t\t\t\t<\/div>\n\t\t\t\t<\/div>\n\t\t\t\t<\/div>\n\t\t\t\t<\/div>\n\t\t\t\t<\/div>\n\t\t","protected":false},"excerpt":{"rendered":"<p>Reglamento General de Protecci\u00f3n de Datos (RGDP) \u2013 Diciembre de 2018. Le informamos que los datos personales de nuestros clientes ser\u00e1n tratados de conformidad con la legislaci\u00f3n vigente en materia de protecci\u00f3n de datos personales, la privacidad de los usuarios y el secreto y seguridad de los datos personales, de conformidad con lo establecido en&hellip;&nbsp;<a href=\"https:\/\/www.carmensimonart.com\/es\/politica-de-privacidad\/\" rel=\"bookmark\">Leer m\u00e1s &raquo;<span class=\"screen-reader-text\">Pol\u00edtica de Privacidad<\/span><\/a><\/p>\n","protected":false},"author":1,"featured_media":0,"parent":0,"menu_order":0,"comment_status":"closed","ping_status":"closed","template":"page-templates\/template-pagebuilder-full-width.php","meta":{"_acf_changed":false,"neve_meta_sidebar":"","neve_meta_container":"","neve_meta_enable_content_width":"off","neve_meta_content_width":100,"neve_meta_title_alignment":"","neve_meta_author_avatar":"","neve_post_elements_order":"","neve_meta_disable_header":"","neve_meta_disable_footer":"","neve_meta_disable_title":"","footnotes":""},"class_list":["post-4013","page","type-page","status-publish","hentry"],"acf":[],"yoast_head":"<!-- This site is optimized with the Yoast SEO plugin v24.6 - https:\/\/yoast.com\/wordpress\/plugins\/seo\/ -->\n<title>Pol\u00edtica de Privacidad | CARMEN SIMON ART<\/title>\n<meta name=\"robots\" content=\"index, follow, max-snippet:-1, max-image-preview:large, max-video-preview:-1\" \/>\n<link rel=\"canonical\" href=\"https:\/\/www.carmensimonart.com\/politica-de-privacitat\/\" \/>\n<meta property=\"og:locale\" content=\"es_ES\" \/>\n<meta property=\"og:type\" content=\"article\" \/>\n<meta property=\"og:title\" content=\"Pol\u00edtica de Privacidad | CARMEN SIMON ART\" \/>\n<meta property=\"og:description\" content=\"Reglamento General de Protecci\u00f3n de Datos (RGDP) \u2013 Diciembre de 2018. Le informamos que los datos personales de nuestros clientes ser\u00e1n tratados de conformidad con la legislaci\u00f3n vigente en materia de protecci\u00f3n de datos personales, la privacidad de los usuarios y el secreto y seguridad de los datos personales, de conformidad con lo establecido en&hellip;&nbsp;Leer m\u00e1s &raquo;Pol\u00edtica de Privacidad\" \/>\n<meta property=\"og:url\" content=\"https:\/\/www.carmensimonart.com\/politica-de-privacitat\/\" \/>\n<meta property=\"og:site_name\" content=\"CARMEN SIMON ART\" \/>\n<meta property=\"article:modified_time\" content=\"2025-01-29T15:13:39+00:00\" \/>\n<meta property=\"og:image\" content=\"https:\/\/www.carmensimonart.com\/wp-content\/uploads\/2021\/04\/Carmen-Simon-Marca-2.png\" \/>\n\t<meta property=\"og:image:width\" content=\"781\" \/>\n\t<meta property=\"og:image:height\" content=\"383\" \/>\n\t<meta property=\"og:image:type\" content=\"image\/png\" \/>\n<meta name=\"twitter:card\" content=\"summary_large_image\" \/>\n<meta name=\"twitter:label1\" content=\"Tiempo de lectura\" \/>\n\t<meta name=\"twitter:data1\" content=\"2 minutos\" \/>\n<script type=\"application\/ld+json\" class=\"yoast-schema-graph\">{\"@context\":\"https:\/\/schema.org\",\"@graph\":[{\"@type\":\"WebPage\",\"@id\":\"https:\/\/www.carmensimonart.com\/politica-de-privacitat\/\",\"url\":\"https:\/\/www.carmensimonart.com\/politica-de-privacitat\/\",\"name\":\"Pol\u00edtica de Privacidad | CARMEN SIMON ART\",\"isPartOf\":{\"@id\":\"https:\/\/www.carmensimonart.com\/#website\"},\"datePublished\":\"2021-04-21T05:39:55+00:00\",\"dateModified\":\"2025-01-29T15:13:39+00:00\",\"breadcrumb\":{\"@id\":\"https:\/\/www.carmensimonart.com\/politica-de-privacitat\/#breadcrumb\"},\"inLanguage\":\"es\",\"potentialAction\":[{\"@type\":\"ReadAction\",\"target\":[\"https:\/\/www.carmensimonart.com\/politica-de-privacitat\/\"]}]},{\"@type\":\"BreadcrumbList\",\"@id\":\"https:\/\/www.carmensimonart.com\/politica-de-privacitat\/#breadcrumb\",\"itemListElement\":[{\"@type\":\"ListItem\",\"position\":1,\"name\":\"Inici\",\"item\":\"https:\/\/www.carmensimonart.com\/es\/\"},{\"@type\":\"ListItem\",\"position\":2,\"name\":\"Pol\u00edtica de Privacidad\"}]},{\"@type\":\"WebSite\",\"@id\":\"https:\/\/www.carmensimonart.com\/#website\",\"url\":\"https:\/\/www.carmensimonart.com\/\",\"name\":\"CARMEN SIMON ART\",\"description\":\"\",\"publisher\":{\"@id\":\"https:\/\/www.carmensimonart.com\/#organization\"},\"alternateName\":\"CARMEN SIMON ART\",\"potentialAction\":[{\"@type\":\"SearchAction\",\"target\":{\"@type\":\"EntryPoint\",\"urlTemplate\":\"https:\/\/www.carmensimonart.com\/?s={search_term_string}\"},\"query-input\":{\"@type\":\"PropertyValueSpecification\",\"valueRequired\":true,\"valueName\":\"search_term_string\"}}],\"inLanguage\":\"es\"},{\"@type\":\"Organization\",\"@id\":\"https:\/\/www.carmensimonart.com\/#organization\",\"name\":\"CARMEN SIMON ART\",\"alternateName\":\"CARMEN SIMON ART\",\"url\":\"https:\/\/www.carmensimonart.com\/\",\"logo\":{\"@type\":\"ImageObject\",\"inLanguage\":\"es\",\"@id\":\"https:\/\/www.carmensimonart.com\/#\/schema\/logo\/image\/\",\"url\":\"https:\/\/www.carmensimonart.com\/wp-content\/uploads\/2021\/04\/Carmen-Simon-Marca-1.png\",\"contentUrl\":\"https:\/\/www.carmensimonart.com\/wp-content\/uploads\/2021\/04\/Carmen-Simon-Marca-1.png\",\"width\":1259,\"height\":327,\"caption\":\"CARMEN SIMON ART\"},\"image\":{\"@id\":\"https:\/\/www.carmensimonart.com\/#\/schema\/logo\/image\/\"}}]}<\/script>\n<!-- \/ Yoast SEO plugin. -->","yoast_head_json":{"title":"Pol\u00edtica de Privacidad | CARMEN SIMON ART","robots":{"index":"index","follow":"follow","max-snippet":"max-snippet:-1","max-image-preview":"max-image-preview:large","max-video-preview":"max-video-preview:-1"},"canonical":"https:\/\/www.carmensimonart.com\/politica-de-privacitat\/","og_locale":"es_ES","og_type":"article","og_title":"Pol\u00edtica de Privacidad | CARMEN SIMON ART","og_description":"Reglamento General de Protecci\u00f3n de Datos (RGDP) \u2013 Diciembre de 2018. Le informamos que los datos personales de nuestros clientes ser\u00e1n tratados de conformidad con la legislaci\u00f3n vigente en materia de protecci\u00f3n de datos personales, la privacidad de los usuarios y el secreto y seguridad de los datos personales, de conformidad con lo establecido en&hellip;&nbsp;Leer m\u00e1s &raquo;Pol\u00edtica de Privacidad","og_url":"https:\/\/www.carmensimonart.com\/politica-de-privacitat\/","og_site_name":"CARMEN SIMON ART","article_modified_time":"2025-01-29T15:13:39+00:00","og_image":[{"width":781,"height":383,"url":"https:\/\/www.carmensimonart.com\/wp-content\/uploads\/2021\/04\/Carmen-Simon-Marca-2.png","type":"image\/png"}],"twitter_card":"summary_large_image","twitter_misc":{"Tiempo de lectura":"2 minutos"},"schema":{"@context":"https:\/\/schema.org","@graph":[{"@type":"WebPage","@id":"https:\/\/www.carmensimonart.com\/politica-de-privacitat\/","url":"https:\/\/www.carmensimonart.com\/politica-de-privacitat\/","name":"Pol\u00edtica de Privacidad | CARMEN SIMON ART","isPartOf":{"@id":"https:\/\/www.carmensimonart.com\/#website"},"datePublished":"2021-04-21T05:39:55+00:00","dateModified":"2025-01-29T15:13:39+00:00","breadcrumb":{"@id":"https:\/\/www.carmensimonart.com\/politica-de-privacitat\/#breadcrumb"},"inLanguage":"es","potentialAction":[{"@type":"ReadAction","target":["https:\/\/www.carmensimonart.com\/politica-de-privacitat\/"]}]},{"@type":"BreadcrumbList","@id":"https:\/\/www.carmensimonart.com\/politica-de-privacitat\/#breadcrumb","itemListElement":[{"@type":"ListItem","position":1,"name":"Inici","item":"https:\/\/www.carmensimonart.com\/es\/"},{"@type":"ListItem","position":2,"name":"Pol\u00edtica de Privacidad"}]},{"@type":"WebSite","@id":"https:\/\/www.carmensimonart.com\/#website","url":"https:\/\/www.carmensimonart.com\/","name":"CARMEN SIMON ART","description":"","publisher":{"@id":"https:\/\/www.carmensimonart.com\/#organization"},"alternateName":"CARMEN SIMON ART","potentialAction":[{"@type":"SearchAction","target":{"@type":"EntryPoint","urlTemplate":"https:\/\/www.carmensimonart.com\/?s={search_term_string}"},"query-input":{"@type":"PropertyValueSpecification","valueRequired":true,"valueName":"search_term_string"}}],"inLanguage":"es"},{"@type":"Organization","@id":"https:\/\/www.carmensimonart.com\/#organization","name":"CARMEN SIMON ART","alternateName":"CARMEN SIMON ART","url":"https:\/\/www.carmensimonart.com\/","logo":{"@type":"ImageObject","inLanguage":"es","@id":"https:\/\/www.carmensimonart.com\/#\/schema\/logo\/image\/","url":"https:\/\/www.carmensimonart.com\/wp-content\/uploads\/2021\/04\/Carmen-Simon-Marca-1.png","contentUrl":"https:\/\/www.carmensimonart.com\/wp-content\/uploads\/2021\/04\/Carmen-Simon-Marca-1.png","width":1259,"height":327,"caption":"CARMEN SIMON ART"},"image":{"@id":"https:\/\/www.carmensimonart.com\/#\/schema\/logo\/image\/"}}]}},"_links":{"self":[{"href":"https:\/\/www.carmensimonart.com\/es\/wp-json\/wp\/v2\/pages\/4013","targetHints":{"allow":["GET"]}}],"collection":[{"href":"https:\/\/www.carmensimonart.com\/es\/wp-json\/wp\/v2\/pages"}],"about":[{"href":"https:\/\/www.carmensimonart.com\/es\/wp-json\/wp\/v2\/types\/page"}],"author":[{"embeddable":true,"href":"https:\/\/www.carmensimonart.com\/es\/wp-json\/wp\/v2\/users\/1"}],"replies":[{"embeddable":true,"href":"https:\/\/www.carmensimonart.com\/es\/wp-json\/wp\/v2\/comments?post=4013"}],"version-history":[{"count":11,"href":"https:\/\/www.carmensimonart.com\/es\/wp-json\/wp\/v2\/pages\/4013\/revisions"}],"predecessor-version":[{"id":4351,"href":"https:\/\/www.carmensimonart.com\/es\/wp-json\/wp\/v2\/pages\/4013\/revisions\/4351"}],"wp:attachment":[{"href":"https:\/\/www.carmensimonart.com\/es\/wp-json\/wp\/v2\/media?parent=4013"}],"curies":[{"name":"wp","href":"https:\/\/api.w.org\/{rel}","templated":true}]}}