{"id":4010,"date":"2021-04-21T08:42:48","date_gmt":"2021-04-21T06:42:48","guid":{"rendered":"https:\/\/www.carmensimonart.com\/avis-legal\/"},"modified":"2025-02-03T09:26:14","modified_gmt":"2025-02-03T08:26:14","slug":"avis-legal","status":"publish","type":"page","link":"https:\/\/www.carmensimonart.com\/es\/avis-legal\/","title":{"rendered":"Aviso legal"},"content":{"rendered":"\t\t<div data-elementor-type=\"wp-page\" data-elementor-id=\"4010\" class=\"elementor elementor-4010 elementor-56\" data-elementor-post-type=\"page\">\n\t\t\t\t<div class=\"elementor-element elementor-element-60260fc e-con-full e-flex e-con e-parent\" data-id=\"60260fc\" data-element_type=\"container\">\n\t\t<div class=\"elementor-element elementor-element-1e64ebf e-con-full e-flex e-con e-child\" data-id=\"1e64ebf\" data-element_type=\"container\">\n\t\t\t\t<div class=\"elementor-element elementor-element-281222a elementor-widget elementor-widget-qi_addons_for_elementor_animated_text\" data-id=\"281222a\" data-element_type=\"widget\" data-widget_type=\"qi_addons_for_elementor_animated_text.default\">\n\t\t\t\t<div class=\"elementor-widget-container\">\n\t\t\t\t\t<div class=\"qodef-shortcode qodef-m qodef-qi-animated-text qodef--alignment-center qodef-qi--has-appear qodef--appear-from-bottom\" >\n\t\t<h2 class=\"qodef-m-title\">\n\t\tAviso legal\t<\/h2>\n<\/div>\n\t\t\t\t<\/div>\n\t\t\t\t<\/div>\n\t\t<div class=\"elementor-element elementor-element-a7b8fb2 e-con-full e-flex e-con e-child\" data-id=\"a7b8fb2\" data-element_type=\"container\">\n\t\t\t\t<div class=\"elementor-element elementor-element-2b1c4f5 elementor-widget elementor-widget-text-editor\" data-id=\"2b1c4f5\" data-element_type=\"widget\" data-widget_type=\"text-editor.default\">\n\t\t\t\t<div class=\"elementor-widget-container\">\n\t\t\t\t\t\t\t\t\t<p><span style=\"font-weight: 400;\">El sitio web y el dominio <u><a href=\"https:\/\/www.carmensimonart.com\/\" target=\"_blank\" rel=\"noopener\">www.carmensimonart.com<\/a><\/u><\/span><span style=\"font-weight: 400;\">\u00a0corresponden <\/span><span style=\"font-weight: 400;\">a\u00a0 Carmen Simon Dalmau (en adelante Carmen Simon Art)<\/span><span style=\"font-weight: 400;\"> con CIF 77910966F<\/span><span style=\"font-weight: 400;\"> domiciliada en Pla\u00e7a Espanya 8 \u00e0tic B, a\/e hola@carmensimonart.com.\u00a0<\/span><\/p><p><b>PROPIEDAD INTELECTUAL E INDUSTRIAL<\/b><\/p><p><span style=\"font-weight: 400;\">Los contenidos de este sitio, incluyendo los textos, im\u00e1genes y dise\u00f1os gr\u00e1ficos, pertenecen a Carmen Simon Dalmau, o a terceros que han autorizado su uso espec\u00edficamente en su sitio web. <a href=\"https:\/\/www.carmensimonart.com\">www.carmensimonart.com<\/a> presenta estos contenidos con fines de informaci\u00f3n y publicidad. Carmen Simon Art autoriza su utilizaci\u00f3n exclusivamente para difundir sus productos o servicios. Cualquier utilizaci\u00f3n de estos dise\u00f1os, im\u00e1genes o textos deber\u00e1 citar expresamente su pertenencia a Carmen Sim\u00f3n, que se reserva el derecho a iniciar las acciones legales oportunas para reparar los da\u00f1os y perjuicios causados \u200b\u200bpor cualquier acto que vulnere sus derechos de propiedad inteligente intelectual o industrial. No se autoriza la utilizaci\u00f3n de los logotipos, dise\u00f1os, marcas u otros signos distintivos de Carmen Simon ni los clientes de Carmen Simon sin autorizaci\u00f3n expresa, previa y por escrito de los respectivos titulares de los derechos.<\/span><\/p><p><span style=\"font-weight: 400;\">No se autorizan presentaciones de los contenidos de este sitio en una ventana ajena a https: <a href=\"https:\/\/www.carmensimonart.com\">www.carmensimonart.com<\/a> (framing).<\/span><\/p><p><strong>RESPONSABILIDAD SOBRE LOS CONTENIDOS<\/strong><\/p><p><span style=\"font-weight: 400;\">Aunque Carmen Simon Art act\u00faa con la m\u00e1xima diligencia posible, puede darse el caso de que alg\u00fan dato o informaci\u00f3n no est\u00e9 del todo actualizada en el momento que el usuario del sitio web lo consulte. Por eso \u00a0Carmen Simon Art manifiesta que las referencias de los productos y precios que se presentan en su sitio web tienen una funci\u00f3n orientativa y no obligan a \u00a0Carmen Simon Art hasta la confirmaci\u00f3n expresa de un pedido.<\/span><\/p><p><span style=\"font-weight: 400;\">\u00a0Carmen Simon Art\u00a0no se hace responsable de la informaci\u00f3n que se pueda obtener a trav\u00e9s de enlaces incluidos en el sitio.<\/span><\/p><p><strong>CONDICIONES DE USO<\/strong><\/p><p><span style=\"font-weight: 400;\">El uso de este sitio web implica la aceptaci\u00f3n plena de los t\u00e9rminos y condiciones del presente aviso legal. Los posibles conflictos relativos a esta web se regir\u00e1n exclusivamente por el derecho del Estado espa\u00f1ol. Toda persona usuaria del web, independientemente de la jurisdicci\u00f3n territorial desde la que se produzca su acceso, acepta el cumplimiento y respeto de estas cl\u00e1usulas.<\/span><\/p>\t\t\t\t\t\t\t\t<\/div>\n\t\t\t\t<\/div>\n\t\t\t\t<\/div>\n\t\t\t\t<\/div>\n\t\t\t\t<\/div>\n\t\t\t\t<\/div>\n\t\t","protected":false},"excerpt":{"rendered":"<p>El sitio web y el dominio www.carmensimonart.com\u00a0corresponden a\u00a0 Carmen Simon Dalmau (en adelante Carmen Simon Art) con CIF 77910966F domiciliada en Pla\u00e7a Espanya 8 \u00e0tic B, a\/e hola@carmensimonart.com.\u00a0 PROPIEDAD INTELECTUAL E INDUSTRIAL Los contenidos de este sitio, incluyendo los textos, im\u00e1genes y dise\u00f1os gr\u00e1ficos, pertenecen a Carmen Simon Dalmau, o a terceros que han autorizado&hellip;&nbsp;<a href=\"https:\/\/www.carmensimonart.com\/es\/avis-legal\/\" rel=\"bookmark\">Leer m\u00e1s &raquo;<span class=\"screen-reader-text\">Aviso legal<\/span><\/a><\/p>\n","protected":false},"author":1,"featured_media":0,"parent":0,"menu_order":0,"comment_status":"closed","ping_status":"closed","template":"page-templates\/template-pagebuilder-full-width.php","meta":{"_acf_changed":false,"neve_meta_sidebar":"","neve_meta_container":"","neve_meta_enable_content_width":"off","neve_meta_content_width":100,"neve_meta_title_alignment":"","neve_meta_author_avatar":"","neve_post_elements_order":"","neve_meta_disable_header":"","neve_meta_disable_footer":"","neve_meta_disable_title":"","footnotes":""},"class_list":["post-4010","page","type-page","status-publish","hentry"],"acf":[],"yoast_head":"<!-- This site is optimized with the Yoast SEO plugin v24.6 - https:\/\/yoast.com\/wordpress\/plugins\/seo\/ -->\n<title>Aviso legal | CARMEN SIMON ART<\/title>\n<meta name=\"robots\" content=\"index, follow, max-snippet:-1, max-image-preview:large, max-video-preview:-1\" \/>\n<link rel=\"canonical\" href=\"https:\/\/www.carmensimonart.com\/avis-legal\/\" \/>\n<meta property=\"og:locale\" content=\"es_ES\" \/>\n<meta property=\"og:type\" content=\"article\" \/>\n<meta property=\"og:title\" content=\"Aviso legal | CARMEN SIMON ART\" \/>\n<meta property=\"og:description\" content=\"El sitio web y el dominio www.carmensimonart.com\u00a0corresponden a\u00a0 Carmen Simon Dalmau (en adelante Carmen Simon Art) con CIF 77910966F domiciliada en Pla\u00e7a Espanya 8 \u00e0tic B, a\/e hola@carmensimonart.com.\u00a0 PROPIEDAD INTELECTUAL E INDUSTRIAL Los contenidos de este sitio, incluyendo los textos, im\u00e1genes y dise\u00f1os gr\u00e1ficos, pertenecen a Carmen Simon Dalmau, o a terceros que han autorizado&hellip;&nbsp;Leer m\u00e1s &raquo;Aviso legal\" \/>\n<meta property=\"og:url\" content=\"https:\/\/www.carmensimonart.com\/avis-legal\/\" \/>\n<meta property=\"og:site_name\" content=\"CARMEN SIMON ART\" \/>\n<meta property=\"article:modified_time\" content=\"2025-02-03T08:26:14+00:00\" \/>\n<meta property=\"og:image\" content=\"https:\/\/www.carmensimonart.com\/wp-content\/uploads\/2021\/04\/Carmen-Simon-Marca-2.png\" \/>\n\t<meta property=\"og:image:width\" content=\"781\" \/>\n\t<meta property=\"og:image:height\" content=\"383\" \/>\n\t<meta property=\"og:image:type\" content=\"image\/png\" \/>\n<meta name=\"twitter:card\" content=\"summary_large_image\" \/>\n<meta name=\"twitter:label1\" content=\"Tiempo de lectura\" \/>\n\t<meta name=\"twitter:data1\" content=\"2 minutos\" \/>\n<script type=\"application\/ld+json\" class=\"yoast-schema-graph\">{\"@context\":\"https:\/\/schema.org\",\"@graph\":[{\"@type\":\"WebPage\",\"@id\":\"https:\/\/www.carmensimonart.com\/avis-legal\/\",\"url\":\"https:\/\/www.carmensimonart.com\/avis-legal\/\",\"name\":\"Aviso legal | CARMEN SIMON ART\",\"isPartOf\":{\"@id\":\"https:\/\/www.carmensimonart.com\/#website\"},\"datePublished\":\"2021-04-21T06:42:48+00:00\",\"dateModified\":\"2025-02-03T08:26:14+00:00\",\"breadcrumb\":{\"@id\":\"https:\/\/www.carmensimonart.com\/avis-legal\/#breadcrumb\"},\"inLanguage\":\"es\",\"potentialAction\":[{\"@type\":\"ReadAction\",\"target\":[\"https:\/\/www.carmensimonart.com\/avis-legal\/\"]}]},{\"@type\":\"BreadcrumbList\",\"@id\":\"https:\/\/www.carmensimonart.com\/avis-legal\/#breadcrumb\",\"itemListElement\":[{\"@type\":\"ListItem\",\"position\":1,\"name\":\"Inici\",\"item\":\"https:\/\/www.carmensimonart.com\/es\/\"},{\"@type\":\"ListItem\",\"position\":2,\"name\":\"Aviso legal\"}]},{\"@type\":\"WebSite\",\"@id\":\"https:\/\/www.carmensimonart.com\/#website\",\"url\":\"https:\/\/www.carmensimonart.com\/\",\"name\":\"CARMEN SIMON ART\",\"description\":\"\",\"publisher\":{\"@id\":\"https:\/\/www.carmensimonart.com\/#organization\"},\"alternateName\":\"CARMEN SIMON ART\",\"potentialAction\":[{\"@type\":\"SearchAction\",\"target\":{\"@type\":\"EntryPoint\",\"urlTemplate\":\"https:\/\/www.carmensimonart.com\/?s={search_term_string}\"},\"query-input\":{\"@type\":\"PropertyValueSpecification\",\"valueRequired\":true,\"valueName\":\"search_term_string\"}}],\"inLanguage\":\"es\"},{\"@type\":\"Organization\",\"@id\":\"https:\/\/www.carmensimonart.com\/#organization\",\"name\":\"CARMEN SIMON ART\",\"alternateName\":\"CARMEN SIMON ART\",\"url\":\"https:\/\/www.carmensimonart.com\/\",\"logo\":{\"@type\":\"ImageObject\",\"inLanguage\":\"es\",\"@id\":\"https:\/\/www.carmensimonart.com\/#\/schema\/logo\/image\/\",\"url\":\"https:\/\/www.carmensimonart.com\/wp-content\/uploads\/2021\/04\/Carmen-Simon-Marca-1.png\",\"contentUrl\":\"https:\/\/www.carmensimonart.com\/wp-content\/uploads\/2021\/04\/Carmen-Simon-Marca-1.png\",\"width\":1259,\"height\":327,\"caption\":\"CARMEN SIMON ART\"},\"image\":{\"@id\":\"https:\/\/www.carmensimonart.com\/#\/schema\/logo\/image\/\"}}]}<\/script>\n<!-- \/ Yoast SEO plugin. -->","yoast_head_json":{"title":"Aviso legal | CARMEN SIMON ART","robots":{"index":"index","follow":"follow","max-snippet":"max-snippet:-1","max-image-preview":"max-image-preview:large","max-video-preview":"max-video-preview:-1"},"canonical":"https:\/\/www.carmensimonart.com\/avis-legal\/","og_locale":"es_ES","og_type":"article","og_title":"Aviso legal | CARMEN SIMON ART","og_description":"El sitio web y el dominio www.carmensimonart.com\u00a0corresponden a\u00a0 Carmen Simon Dalmau (en adelante Carmen Simon Art) con CIF 77910966F domiciliada en Pla\u00e7a Espanya 8 \u00e0tic B, a\/e hola@carmensimonart.com.\u00a0 PROPIEDAD INTELECTUAL E INDUSTRIAL Los contenidos de este sitio, incluyendo los textos, im\u00e1genes y dise\u00f1os gr\u00e1ficos, pertenecen a Carmen Simon Dalmau, o a terceros que han autorizado&hellip;&nbsp;Leer m\u00e1s &raquo;Aviso legal","og_url":"https:\/\/www.carmensimonart.com\/avis-legal\/","og_site_name":"CARMEN SIMON ART","article_modified_time":"2025-02-03T08:26:14+00:00","og_image":[{"width":781,"height":383,"url":"https:\/\/www.carmensimonart.com\/wp-content\/uploads\/2021\/04\/Carmen-Simon-Marca-2.png","type":"image\/png"}],"twitter_card":"summary_large_image","twitter_misc":{"Tiempo de lectura":"2 minutos"},"schema":{"@context":"https:\/\/schema.org","@graph":[{"@type":"WebPage","@id":"https:\/\/www.carmensimonart.com\/avis-legal\/","url":"https:\/\/www.carmensimonart.com\/avis-legal\/","name":"Aviso legal | CARMEN SIMON ART","isPartOf":{"@id":"https:\/\/www.carmensimonart.com\/#website"},"datePublished":"2021-04-21T06:42:48+00:00","dateModified":"2025-02-03T08:26:14+00:00","breadcrumb":{"@id":"https:\/\/www.carmensimonart.com\/avis-legal\/#breadcrumb"},"inLanguage":"es","potentialAction":[{"@type":"ReadAction","target":["https:\/\/www.carmensimonart.com\/avis-legal\/"]}]},{"@type":"BreadcrumbList","@id":"https:\/\/www.carmensimonart.com\/avis-legal\/#breadcrumb","itemListElement":[{"@type":"ListItem","position":1,"name":"Inici","item":"https:\/\/www.carmensimonart.com\/es\/"},{"@type":"ListItem","position":2,"name":"Aviso legal"}]},{"@type":"WebSite","@id":"https:\/\/www.carmensimonart.com\/#website","url":"https:\/\/www.carmensimonart.com\/","name":"CARMEN SIMON ART","description":"","publisher":{"@id":"https:\/\/www.carmensimonart.com\/#organization"},"alternateName":"CARMEN SIMON ART","potentialAction":[{"@type":"SearchAction","target":{"@type":"EntryPoint","urlTemplate":"https:\/\/www.carmensimonart.com\/?s={search_term_string}"},"query-input":{"@type":"PropertyValueSpecification","valueRequired":true,"valueName":"search_term_string"}}],"inLanguage":"es"},{"@type":"Organization","@id":"https:\/\/www.carmensimonart.com\/#organization","name":"CARMEN SIMON ART","alternateName":"CARMEN SIMON ART","url":"https:\/\/www.carmensimonart.com\/","logo":{"@type":"ImageObject","inLanguage":"es","@id":"https:\/\/www.carmensimonart.com\/#\/schema\/logo\/image\/","url":"https:\/\/www.carmensimonart.com\/wp-content\/uploads\/2021\/04\/Carmen-Simon-Marca-1.png","contentUrl":"https:\/\/www.carmensimonart.com\/wp-content\/uploads\/2021\/04\/Carmen-Simon-Marca-1.png","width":1259,"height":327,"caption":"CARMEN SIMON ART"},"image":{"@id":"https:\/\/www.carmensimonart.com\/#\/schema\/logo\/image\/"}}]}},"_links":{"self":[{"href":"https:\/\/www.carmensimonart.com\/es\/wp-json\/wp\/v2\/pages\/4010","targetHints":{"allow":["GET"]}}],"collection":[{"href":"https:\/\/www.carmensimonart.com\/es\/wp-json\/wp\/v2\/pages"}],"about":[{"href":"https:\/\/www.carmensimonart.com\/es\/wp-json\/wp\/v2\/types\/page"}],"author":[{"embeddable":true,"href":"https:\/\/www.carmensimonart.com\/es\/wp-json\/wp\/v2\/users\/1"}],"replies":[{"embeddable":true,"href":"https:\/\/www.carmensimonart.com\/es\/wp-json\/wp\/v2\/comments?post=4010"}],"version-history":[{"count":15,"href":"https:\/\/www.carmensimonart.com\/es\/wp-json\/wp\/v2\/pages\/4010\/revisions"}],"predecessor-version":[{"id":4858,"href":"https:\/\/www.carmensimonart.com\/es\/wp-json\/wp\/v2\/pages\/4010\/revisions\/4858"}],"wp:attachment":[{"href":"https:\/\/www.carmensimonart.com\/es\/wp-json\/wp\/v2\/media?parent=4010"}],"curies":[{"name":"wp","href":"https:\/\/api.w.org\/{rel}","templated":true}]}}