{"id":3987,"date":"2024-03-11T15:08:06","date_gmt":"2024-03-11T14:08:06","guid":{"rendered":"https:\/\/www.carmensimonart.com\/sobre-mi\/"},"modified":"2025-03-17T16:10:17","modified_gmt":"2025-03-17T15:10:17","slug":"sobre-mi","status":"publish","type":"page","link":"https:\/\/www.carmensimonart.com\/es\/sobre-mi\/","title":{"rendered":"Sobre mi"},"content":{"rendered":"\t\t<div data-elementor-type=\"wp-page\" data-elementor-id=\"3987\" class=\"elementor elementor-3987 elementor-297\" data-elementor-post-type=\"page\">\n\t\t\t\t<div class=\"elementor-element elementor-element-37259623 e-con-full e-flex e-con e-parent\" data-id=\"37259623\" data-element_type=\"container\">\n\t\t<div class=\"elementor-element elementor-element-51e6f2f0 e-con-full e-flex e-con e-child\" data-id=\"51e6f2f0\" data-element_type=\"container\" data-settings=\"{&quot;background_background&quot;:&quot;slideshow&quot;,&quot;background_slideshow_gallery&quot;:[{&quot;id&quot;:1677,&quot;url&quot;:&quot;https:\\\/\\\/www.carmensimonart.com\\\/wp-content\\\/uploads\\\/2024\\\/10\\\/CarmenSimonArt5.jpg&quot;},{&quot;id&quot;:4635,&quot;url&quot;:&quot;https:\\\/\\\/www.carmensimonart.com\\\/wp-content\\\/uploads\\\/2025\\\/01\\\/CarmenSimonArt3.jpg&quot;},{&quot;id&quot;:1673,&quot;url&quot;:&quot;https:\\\/\\\/www.carmensimonart.com\\\/wp-content\\\/uploads\\\/2024\\\/10\\\/CarmenSimonArt1.jpg&quot;},{&quot;id&quot;:1676,&quot;url&quot;:&quot;https:\\\/\\\/www.carmensimonart.com\\\/wp-content\\\/uploads\\\/2024\\\/10\\\/CarmenSimonArt4.jpg&quot;},{&quot;id&quot;:1678,&quot;url&quot;:&quot;https:\\\/\\\/www.carmensimonart.com\\\/wp-content\\\/uploads\\\/2024\\\/10\\\/CarmenSimonArt6.jpg&quot;},{&quot;id&quot;:1679,&quot;url&quot;:&quot;https:\\\/\\\/www.carmensimonart.com\\\/wp-content\\\/uploads\\\/2024\\\/10\\\/CarmenSimonArt7.jpg&quot;},{&quot;id&quot;:1674,&quot;url&quot;:&quot;https:\\\/\\\/www.carmensimonart.com\\\/wp-content\\\/uploads\\\/2024\\\/10\\\/CarmenSimonArt2.jpg&quot;}],&quot;background_slideshow_loop&quot;:&quot;yes&quot;,&quot;background_slideshow_slide_duration&quot;:5000,&quot;background_slideshow_slide_transition&quot;:&quot;fade&quot;,&quot;background_slideshow_transition_duration&quot;:500}\">\n\t\t\t\t<\/div>\n\t\t<div class=\"elementor-element elementor-element-2faf537 e-con-full e-flex e-con e-child\" data-id=\"2faf537\" data-element_type=\"container\" data-settings=\"{&quot;background_background&quot;:&quot;classic&quot;}\">\n\t\t<div class=\"elementor-element elementor-element-377161e e-flex e-con-boxed e-con e-child\" data-id=\"377161e\" data-element_type=\"container\">\n\t\t\t\t\t<div class=\"e-con-inner\">\n\t\t\t\t<div class=\"elementor-element elementor-element-a888fd8 elementor-widget__width-initial elementor-widget elementor-widget-theme-site-logo elementor-widget-image\" data-id=\"a888fd8\" data-element_type=\"widget\" data-widget_type=\"theme-site-logo.default\">\n\t\t\t\t<div class=\"elementor-widget-container\">\n\t\t\t\t\t\t\t\t\t\t\t<a href=\"https:\/\/www.carmensimonart.com\/es\/\">\n\t\t\t<img fetchpriority=\"high\" decoding=\"async\" width=\"1259\" height=\"327\" src=\"https:\/\/www.carmensimonart.com\/wp-content\/uploads\/2021\/04\/Carmen-Simon-Marca-1.png\" class=\"attachment-full size-full wp-image-483\" alt=\"\" srcset=\"https:\/\/www.carmensimonart.com\/wp-content\/uploads\/2021\/04\/Carmen-Simon-Marca-1.png 1259w, https:\/\/www.carmensimonart.com\/wp-content\/uploads\/2021\/04\/Carmen-Simon-Marca-1-600x156.png 600w, https:\/\/www.carmensimonart.com\/wp-content\/uploads\/2021\/04\/Carmen-Simon-Marca-1-300x78.png 300w, https:\/\/www.carmensimonart.com\/wp-content\/uploads\/2021\/04\/Carmen-Simon-Marca-1-1024x266.png 1024w, https:\/\/www.carmensimonart.com\/wp-content\/uploads\/2021\/04\/Carmen-Simon-Marca-1-768x199.png 768w\" sizes=\"(max-width: 1259px) 100vw, 1259px\" \/>\t\t\t\t<\/a>\n\t\t\t\t\t\t\t\t\t\t\t<\/div>\n\t\t\t\t<\/div>\n\t\t\t\t<div class=\"elementor-element elementor-element-58df938 elementor-widget elementor-widget-spacer\" data-id=\"58df938\" data-element_type=\"widget\" data-widget_type=\"spacer.default\">\n\t\t\t\t<div class=\"elementor-widget-container\">\n\t\t\t\t\t\t\t<div class=\"elementor-spacer\">\n\t\t\t<div class=\"elementor-spacer-inner\"><\/div>\n\t\t<\/div>\n\t\t\t\t\t\t<\/div>\n\t\t\t\t<\/div>\n\t\t\t\t<div class=\"elementor-element elementor-element-88a38a4 elementor-icon-list--layout-traditional elementor-list-item-link-full_width elementor-widget elementor-widget-icon-list\" data-id=\"88a38a4\" data-element_type=\"widget\" data-widget_type=\"icon-list.default\">\n\t\t\t\t<div class=\"elementor-widget-container\">\n\t\t\t\t\t\t\t<ul class=\"elementor-icon-list-items\">\n\t\t\t\t\t\t\t<li class=\"elementor-icon-list-item\">\n\t\t\t\t\t\t\t\t\t\t<span class=\"elementor-icon-list-text\">Artista visual e ilustradora<\/span>\n\t\t\t\t\t\t\t\t\t<\/li>\n\t\t\t\t\t\t\t\t<li class=\"elementor-icon-list-item\">\n\t\t\t\t\t\t\t\t\t\t<span class=\"elementor-icon-list-text\">Girona, 1974<\/span>\n\t\t\t\t\t\t\t\t\t<\/li>\n\t\t\t\t\t\t<\/ul>\n\t\t\t\t\t\t<\/div>\n\t\t\t\t<\/div>\n\t\t\t\t<div class=\"elementor-element elementor-element-3cb22c1 elementor-widget elementor-widget-heading\" data-id=\"3cb22c1\" data-element_type=\"widget\" data-widget_type=\"heading.default\">\n\t\t\t\t<div class=\"elementor-widget-container\">\n\t\t\t\t\t<h2 class=\"elementor-heading-title elementor-size-default\">\u00a1Hola! Soy Carmen Simon, adicta a los colores brillantes, los l\u00e1pices desordenados y las ideas locas. Desde que puedo recordar, he estado dibujando cualquier cosa que se me cruce en el camino (incluyendo paredes, lo siento mam\u00e1). Viajar es mi inspiraci\u00f3n constante; no puedo evitar dejarlo todo dibujado. Mis cuadernos est\u00e1n llenos de manchas que, de forma casi compulsiva, cobran vida y se convierten en algo inesperado. Mi estilo es r\u00e1pido, suelto y siempre en busca de historias que contar, ya sea para libros ilustrados, prensa, revistas o proyectos editoriales. Me encanta colaborar con gente que quiere dar vida a sus ideas con un toque \u00fanico y lleno de personalidad y crear ilustraciones que conecten emocionalmente con los espectadores.\nCuando no estoy dibujando o viajando, probablemente me encuentres en el agua o con una taza de caf\u00e9 en la mano, inventando personajes o buscando inspiraci\u00f3n en el caos diario. \u00a1Vamos a crear algo incre\u00edble juntos!<\/h2>\t\t\t\t<\/div>\n\t\t\t\t<\/div>\n\t\t\t\t<div class=\"elementor-element elementor-element-37e8c4c elementor-widget elementor-widget-spacer\" data-id=\"37e8c4c\" data-element_type=\"widget\" data-widget_type=\"spacer.default\">\n\t\t\t\t<div class=\"elementor-widget-container\">\n\t\t\t\t\t\t\t<div class=\"elementor-spacer\">\n\t\t\t<div class=\"elementor-spacer-inner\"><\/div>\n\t\t<\/div>\n\t\t\t\t\t\t<\/div>\n\t\t\t\t<\/div>\n\t\t\t\t<div class=\"elementor-element elementor-element-96020f3 elementor-align-center elementor-widget elementor-widget-button\" data-id=\"96020f3\" data-element_type=\"widget\" data-widget_type=\"button.default\">\n\t\t\t\t<div class=\"elementor-widget-container\">\n\t\t\t\t\t\t\t\t\t<div class=\"elementor-button-wrapper\">\n\t\t\t\t\t<a class=\"elementor-button elementor-button-link elementor-size-sm\" href=\"#elementor-action%3Aaction%3Dpopup%3Aopen%26settings%3DeyJpZCI6NDA1MiwidG9nZ2xlIjpmYWxzZX0%3D\">\n\t\t\t\t\t\t<span class=\"elementor-button-content-wrapper\">\n\t\t\t\t\t\t\t\t\t<span class=\"elementor-button-text\">Descargar portfolio<\/span>\n\t\t\t\t\t<\/span>\n\t\t\t\t\t<\/a>\n\t\t\t\t<\/div>\n\t\t\t\t\t\t\t\t<\/div>\n\t\t\t\t<\/div>\n\t\t\t\t\t<\/div>\n\t\t\t\t<\/div>\n\t\t\t\t<\/div>\n\t\t\t\t<\/div>\n\t\t\t\t<\/div>\n\t\t","protected":false},"excerpt":{"rendered":"<p>Artista visual e ilustradora Girona, 1974 \u00a1Hola! Soy Carmen Simon, adicta a los colores brillantes, los l\u00e1pices desordenados y las ideas locas. Desde que puedo recordar, he estado dibujando cualquier cosa que se me cruce en el camino (incluyendo paredes, lo siento mam\u00e1). Viajar es mi inspiraci\u00f3n constante; no puedo evitar dejarlo todo dibujado. Mis&hellip;&nbsp;<a href=\"https:\/\/www.carmensimonart.com\/es\/sobre-mi\/\" rel=\"bookmark\">Leer m\u00e1s &raquo;<span class=\"screen-reader-text\">Sobre mi<\/span><\/a><\/p>\n","protected":false},"author":1,"featured_media":2293,"parent":0,"menu_order":0,"comment_status":"closed","ping_status":"closed","template":"page-templates\/template-pagebuilder-full-width.php","meta":{"_acf_changed":false,"neve_meta_sidebar":"","neve_meta_container":"","neve_meta_enable_content_width":"off","neve_meta_content_width":100,"neve_meta_title_alignment":"","neve_meta_author_avatar":"","neve_post_elements_order":"","neve_meta_disable_header":"","neve_meta_disable_footer":"","neve_meta_disable_title":"","footnotes":""},"class_list":["post-3987","page","type-page","status-publish","has-post-thumbnail","hentry"],"acf":[],"yoast_head":"<!-- This site is optimized with the Yoast SEO plugin v24.6 - https:\/\/yoast.com\/wordpress\/plugins\/seo\/ -->\n<title>Sobre mi | CARMEN SIMON ART<\/title>\n<meta name=\"description\" content=\"Soy Carmen Simon, ilustradora bot\u00e1nica y artista visual. Descubre mi trayectoria, mi proceso creativo y la pasi\u00f3n por la naturaleza.\" \/>\n<meta name=\"robots\" content=\"index, follow, max-snippet:-1, max-image-preview:large, max-video-preview:-1\" \/>\n<link rel=\"canonical\" href=\"https:\/\/www.carmensimonart.com\/sobre-mi\/\" \/>\n<meta property=\"og:locale\" content=\"es_ES\" \/>\n<meta property=\"og:type\" content=\"article\" \/>\n<meta property=\"og:title\" content=\"Sobre mi | CARMEN SIMON ART\" \/>\n<meta property=\"og:description\" content=\"Soy Carmen Simon, ilustradora bot\u00e1nica y artista visual. Descubre mi trayectoria, mi proceso creativo y la pasi\u00f3n por la naturaleza.\" \/>\n<meta property=\"og:url\" content=\"https:\/\/www.carmensimonart.com\/sobre-mi\/\" \/>\n<meta property=\"og:site_name\" content=\"CARMEN SIMON ART\" \/>\n<meta property=\"article:modified_time\" content=\"2025-03-17T15:10:17+00:00\" \/>\n<meta property=\"og:image\" content=\"https:\/\/www.carmensimonart.com\/wp-content\/uploads\/2024\/10\/CarmenSimonArt2.jpg\" \/>\n\t<meta property=\"og:image:width\" content=\"1248\" \/>\n\t<meta property=\"og:image:height\" content=\"1283\" \/>\n\t<meta property=\"og:image:type\" content=\"image\/jpeg\" \/>\n<meta name=\"twitter:card\" content=\"summary_large_image\" \/>\n<meta name=\"twitter:label1\" content=\"Tiempo de lectura\" \/>\n\t<meta name=\"twitter:data1\" content=\"2 minutos\" \/>\n<script type=\"application\/ld+json\" class=\"yoast-schema-graph\">{\"@context\":\"https:\/\/schema.org\",\"@graph\":[{\"@type\":\"WebPage\",\"@id\":\"https:\/\/www.carmensimonart.com\/sobre-mi\/\",\"url\":\"https:\/\/www.carmensimonart.com\/sobre-mi\/\",\"name\":\"Sobre mi | CARMEN SIMON ART\",\"isPartOf\":{\"@id\":\"https:\/\/www.carmensimonart.com\/#website\"},\"primaryImageOfPage\":{\"@id\":\"https:\/\/www.carmensimonart.com\/sobre-mi\/#primaryimage\"},\"image\":{\"@id\":\"https:\/\/www.carmensimonart.com\/sobre-mi\/#primaryimage\"},\"thumbnailUrl\":\"https:\/\/www.carmensimonart.com\/wp-content\/uploads\/2024\/10\/CarmenSimonArt2.jpg\",\"datePublished\":\"2024-03-11T14:08:06+00:00\",\"dateModified\":\"2025-03-17T15:10:17+00:00\",\"description\":\"Soy Carmen Simon, ilustradora bot\u00e1nica y artista visual. Descubre mi trayectoria, mi proceso creativo y la pasi\u00f3n por la naturaleza.\",\"breadcrumb\":{\"@id\":\"https:\/\/www.carmensimonart.com\/sobre-mi\/#breadcrumb\"},\"inLanguage\":\"es\",\"potentialAction\":[{\"@type\":\"ReadAction\",\"target\":[\"https:\/\/www.carmensimonart.com\/sobre-mi\/\"]}]},{\"@type\":\"ImageObject\",\"inLanguage\":\"es\",\"@id\":\"https:\/\/www.carmensimonart.com\/sobre-mi\/#primaryimage\",\"url\":\"https:\/\/www.carmensimonart.com\/wp-content\/uploads\/2024\/10\/CarmenSimonArt2.jpg\",\"contentUrl\":\"https:\/\/www.carmensimonart.com\/wp-content\/uploads\/2024\/10\/CarmenSimonArt2.jpg\",\"width\":1248,\"height\":1283},{\"@type\":\"BreadcrumbList\",\"@id\":\"https:\/\/www.carmensimonart.com\/sobre-mi\/#breadcrumb\",\"itemListElement\":[{\"@type\":\"ListItem\",\"position\":1,\"name\":\"Inici\",\"item\":\"https:\/\/www.carmensimonart.com\/es\/\"},{\"@type\":\"ListItem\",\"position\":2,\"name\":\"Sobre mi\"}]},{\"@type\":\"WebSite\",\"@id\":\"https:\/\/www.carmensimonart.com\/#website\",\"url\":\"https:\/\/www.carmensimonart.com\/\",\"name\":\"CARMEN SIMON ART\",\"description\":\"\",\"publisher\":{\"@id\":\"https:\/\/www.carmensimonart.com\/#organization\"},\"alternateName\":\"CARMEN SIMON ART\",\"potentialAction\":[{\"@type\":\"SearchAction\",\"target\":{\"@type\":\"EntryPoint\",\"urlTemplate\":\"https:\/\/www.carmensimonart.com\/?s={search_term_string}\"},\"query-input\":{\"@type\":\"PropertyValueSpecification\",\"valueRequired\":true,\"valueName\":\"search_term_string\"}}],\"inLanguage\":\"es\"},{\"@type\":\"Organization\",\"@id\":\"https:\/\/www.carmensimonart.com\/#organization\",\"name\":\"CARMEN SIMON ART\",\"alternateName\":\"CARMEN SIMON ART\",\"url\":\"https:\/\/www.carmensimonart.com\/\",\"logo\":{\"@type\":\"ImageObject\",\"inLanguage\":\"es\",\"@id\":\"https:\/\/www.carmensimonart.com\/#\/schema\/logo\/image\/\",\"url\":\"https:\/\/www.carmensimonart.com\/wp-content\/uploads\/2021\/04\/Carmen-Simon-Marca-1.png\",\"contentUrl\":\"https:\/\/www.carmensimonart.com\/wp-content\/uploads\/2021\/04\/Carmen-Simon-Marca-1.png\",\"width\":1259,\"height\":327,\"caption\":\"CARMEN SIMON ART\"},\"image\":{\"@id\":\"https:\/\/www.carmensimonart.com\/#\/schema\/logo\/image\/\"}}]}<\/script>\n<!-- \/ Yoast SEO plugin. -->","yoast_head_json":{"title":"Sobre mi | CARMEN SIMON ART","description":"Soy Carmen Simon, ilustradora bot\u00e1nica y artista visual. Descubre mi trayectoria, mi proceso creativo y la pasi\u00f3n por la naturaleza.","robots":{"index":"index","follow":"follow","max-snippet":"max-snippet:-1","max-image-preview":"max-image-preview:large","max-video-preview":"max-video-preview:-1"},"canonical":"https:\/\/www.carmensimonart.com\/sobre-mi\/","og_locale":"es_ES","og_type":"article","og_title":"Sobre mi | CARMEN SIMON ART","og_description":"Soy Carmen Simon, ilustradora bot\u00e1nica y artista visual. Descubre mi trayectoria, mi proceso creativo y la pasi\u00f3n por la naturaleza.","og_url":"https:\/\/www.carmensimonart.com\/sobre-mi\/","og_site_name":"CARMEN SIMON ART","article_modified_time":"2025-03-17T15:10:17+00:00","og_image":[{"width":1248,"height":1283,"url":"https:\/\/www.carmensimonart.com\/wp-content\/uploads\/2024\/10\/CarmenSimonArt2.jpg","type":"image\/jpeg"}],"twitter_card":"summary_large_image","twitter_misc":{"Tiempo de lectura":"2 minutos"},"schema":{"@context":"https:\/\/schema.org","@graph":[{"@type":"WebPage","@id":"https:\/\/www.carmensimonart.com\/sobre-mi\/","url":"https:\/\/www.carmensimonart.com\/sobre-mi\/","name":"Sobre mi | CARMEN SIMON ART","isPartOf":{"@id":"https:\/\/www.carmensimonart.com\/#website"},"primaryImageOfPage":{"@id":"https:\/\/www.carmensimonart.com\/sobre-mi\/#primaryimage"},"image":{"@id":"https:\/\/www.carmensimonart.com\/sobre-mi\/#primaryimage"},"thumbnailUrl":"https:\/\/www.carmensimonart.com\/wp-content\/uploads\/2024\/10\/CarmenSimonArt2.jpg","datePublished":"2024-03-11T14:08:06+00:00","dateModified":"2025-03-17T15:10:17+00:00","description":"Soy Carmen Simon, ilustradora bot\u00e1nica y artista visual. Descubre mi trayectoria, mi proceso creativo y la pasi\u00f3n por la naturaleza.","breadcrumb":{"@id":"https:\/\/www.carmensimonart.com\/sobre-mi\/#breadcrumb"},"inLanguage":"es","potentialAction":[{"@type":"ReadAction","target":["https:\/\/www.carmensimonart.com\/sobre-mi\/"]}]},{"@type":"ImageObject","inLanguage":"es","@id":"https:\/\/www.carmensimonart.com\/sobre-mi\/#primaryimage","url":"https:\/\/www.carmensimonart.com\/wp-content\/uploads\/2024\/10\/CarmenSimonArt2.jpg","contentUrl":"https:\/\/www.carmensimonart.com\/wp-content\/uploads\/2024\/10\/CarmenSimonArt2.jpg","width":1248,"height":1283},{"@type":"BreadcrumbList","@id":"https:\/\/www.carmensimonart.com\/sobre-mi\/#breadcrumb","itemListElement":[{"@type":"ListItem","position":1,"name":"Inici","item":"https:\/\/www.carmensimonart.com\/es\/"},{"@type":"ListItem","position":2,"name":"Sobre mi"}]},{"@type":"WebSite","@id":"https:\/\/www.carmensimonart.com\/#website","url":"https:\/\/www.carmensimonart.com\/","name":"CARMEN SIMON ART","description":"","publisher":{"@id":"https:\/\/www.carmensimonart.com\/#organization"},"alternateName":"CARMEN SIMON ART","potentialAction":[{"@type":"SearchAction","target":{"@type":"EntryPoint","urlTemplate":"https:\/\/www.carmensimonart.com\/?s={search_term_string}"},"query-input":{"@type":"PropertyValueSpecification","valueRequired":true,"valueName":"search_term_string"}}],"inLanguage":"es"},{"@type":"Organization","@id":"https:\/\/www.carmensimonart.com\/#organization","name":"CARMEN SIMON ART","alternateName":"CARMEN SIMON ART","url":"https:\/\/www.carmensimonart.com\/","logo":{"@type":"ImageObject","inLanguage":"es","@id":"https:\/\/www.carmensimonart.com\/#\/schema\/logo\/image\/","url":"https:\/\/www.carmensimonart.com\/wp-content\/uploads\/2021\/04\/Carmen-Simon-Marca-1.png","contentUrl":"https:\/\/www.carmensimonart.com\/wp-content\/uploads\/2021\/04\/Carmen-Simon-Marca-1.png","width":1259,"height":327,"caption":"CARMEN SIMON ART"},"image":{"@id":"https:\/\/www.carmensimonart.com\/#\/schema\/logo\/image\/"}}]}},"_links":{"self":[{"href":"https:\/\/www.carmensimonart.com\/es\/wp-json\/wp\/v2\/pages\/3987","targetHints":{"allow":["GET"]}}],"collection":[{"href":"https:\/\/www.carmensimonart.com\/es\/wp-json\/wp\/v2\/pages"}],"about":[{"href":"https:\/\/www.carmensimonart.com\/es\/wp-json\/wp\/v2\/types\/page"}],"author":[{"embeddable":true,"href":"https:\/\/www.carmensimonart.com\/es\/wp-json\/wp\/v2\/users\/1"}],"replies":[{"embeddable":true,"href":"https:\/\/www.carmensimonart.com\/es\/wp-json\/wp\/v2\/comments?post=3987"}],"version-history":[{"count":11,"href":"https:\/\/www.carmensimonart.com\/es\/wp-json\/wp\/v2\/pages\/3987\/revisions"}],"predecessor-version":[{"id":5024,"href":"https:\/\/www.carmensimonart.com\/es\/wp-json\/wp\/v2\/pages\/3987\/revisions\/5024"}],"wp:featuredmedia":[{"embeddable":true,"href":"https:\/\/www.carmensimonart.com\/es\/wp-json\/wp\/v2\/media\/2293"}],"wp:attachment":[{"href":"https:\/\/www.carmensimonart.com\/es\/wp-json\/wp\/v2\/media?parent=3987"}],"curies":[{"name":"wp","href":"https:\/\/api.w.org\/{rel}","templated":true}]}}