{"id":3534,"date":"2024-05-29T11:42:38","date_gmt":"2024-05-29T09:42:38","guid":{"rendered":"https:\/\/www.carmensimonart.com\/botiga\/"},"modified":"2025-03-17T15:57:57","modified_gmt":"2025-03-17T14:57:57","slug":"tienda","status":"publish","type":"page","link":"https:\/\/www.carmensimonart.com\/es\/tienda\/","title":{"rendered":"Tienda"},"content":{"rendered":"\t\t<div data-elementor-type=\"wp-page\" data-elementor-id=\"3534\" class=\"elementor elementor-3534 elementor-1227\" data-elementor-post-type=\"page\">\n\t\t\t\t<div class=\"elementor-element elementor-element-2ce9954 e-con-full e-flex e-con e-parent\" data-id=\"2ce9954\" data-element_type=\"container\">\n\t\t<div class=\"elementor-element elementor-element-7e0736b e-con-full e-flex e-con e-child\" data-id=\"7e0736b\" data-element_type=\"container\">\n\t\t\t\t<div class=\"elementor-element elementor-element-6506c4a e-n-tabs-none elementor-widget elementor-widget-n-tabs\" data-id=\"6506c4a\" data-element_type=\"widget\" data-settings=\"{&quot;tabs_justify_horizontal&quot;:&quot;center&quot;,&quot;horizontal_scroll&quot;:&quot;disable&quot;}\" data-widget_type=\"nested-tabs.default\">\n\t\t\t\t<div class=\"elementor-widget-container\">\n\t\t\t\t\t\t\t<div class=\"e-n-tabs\" data-widget-number=\"105933898\" aria-label=\"Pesta\u00f1as. Abre elementos con Intro o Espacio, ci\u00e9rralos con Escape y navega con las fechas.\">\n\t\t\t<div class=\"e-n-tabs-heading\" role=\"tablist\">\n\t\t\t\t\t<button id=\"e-n-tab-title-1059338981\" class=\"e-n-tab-title\" aria-selected=\"true\" data-tab-index=\"1\" role=\"tab\" tabindex=\"0\" aria-controls=\"e-n-tab-content-1059338981\" style=\"--n-tabs-title-order: 1;\">\n\t\t\t\t\t\t<span class=\"e-n-tab-title-text\">\n\t\t\t\tPrints\t\t\t<\/span>\n\t\t<\/button>\n\t\t\t\t\t<\/div>\n\t\t\t<div class=\"e-n-tabs-content\">\n\t\t\t\t<div id=\"e-n-tab-content-1059338981\" role=\"tabpanel\" aria-labelledby=\"e-n-tab-title-1059338981\" data-tab-index=\"1\" style=\"--n-tabs-title-order: 1;\" class=\"e-active elementor-element elementor-element-f5e7c7d e-flex e-con-boxed e-con e-child\" data-id=\"f5e7c7d\" data-element_type=\"container\" data-settings=\"{&quot;background_background&quot;:&quot;classic&quot;}\">\n\t\t\t\t\t<div class=\"e-con-inner\">\n\t\t\t\t<div class=\"elementor-element elementor-element-93bde8f elementor-grid-3 elementor-grid-tablet-2 elementor-grid-mobile-1 elementor-widget elementor-widget-loop-grid\" data-id=\"93bde8f\" data-element_type=\"widget\" data-settings=\"{&quot;template_id&quot;:4054,&quot;row_gap&quot;:{&quot;unit&quot;:&quot;px&quot;,&quot;size&quot;:0,&quot;sizes&quot;:[]},&quot;_skin&quot;:&quot;post&quot;,&quot;columns&quot;:&quot;3&quot;,&quot;columns_tablet&quot;:&quot;2&quot;,&quot;columns_mobile&quot;:&quot;1&quot;,&quot;edit_handle_selector&quot;:&quot;[data-elementor-type=\\&quot;loop-item\\&quot;]&quot;,&quot;row_gap_laptop&quot;:{&quot;unit&quot;:&quot;px&quot;,&quot;size&quot;:&quot;&quot;,&quot;sizes&quot;:[]},&quot;row_gap_tablet&quot;:{&quot;unit&quot;:&quot;px&quot;,&quot;size&quot;:&quot;&quot;,&quot;sizes&quot;:[]},&quot;row_gap_mobile&quot;:{&quot;unit&quot;:&quot;px&quot;,&quot;size&quot;:&quot;&quot;,&quot;sizes&quot;:[]}}\" data-widget_type=\"loop-grid.post\">\n\t\t\t\t<div class=\"elementor-widget-container\">\n\t\t\t\t\t\t\t<div class=\"e-loop-nothing-found-message\">\n\t\t<\/div>\n\t\t\t\t\t\t<\/div>\n\t\t\t\t<\/div>\n\t\t\t\t\t<\/div>\n\t\t\t\t<\/div>\n\t\t\t\t\t<\/div>\n\t\t<\/div>\n\t\t\t\t\t\t<\/div>\n\t\t\t\t<\/div>\n\t\t\t\t<\/div>\n\t\t\t\t<\/div>\n\t\t\t\t<\/div>\n\t\t","protected":false},"excerpt":{"rendered":"<p>Prints 40,00\u00a0\u20ac \u2013 60,00\u00a0\u20ac 40,00\u00a0\u20ac \u2013 60,00\u00a0\u20ac 40,00\u00a0\u20ac \u2013 70,00\u00a0\u20ac 40,00\u00a0\u20ac \u2013 60,00\u00a0\u20ac 40,00\u00a0\u20ac \u2013 70,00\u00a0\u20ac 70,00\u00a0\u20ac<\/p>\n","protected":false},"author":1,"featured_media":0,"parent":0,"menu_order":0,"comment_status":"closed","ping_status":"closed","template":"elementor_header_footer","meta":{"_acf_changed":false,"neve_meta_sidebar":"","neve_meta_container":"","neve_meta_enable_content_width":"off","neve_meta_content_width":100,"neve_meta_title_alignment":"","neve_meta_author_avatar":"","neve_post_elements_order":"","neve_meta_disable_header":"","neve_meta_disable_footer":"","neve_meta_disable_title":"","footnotes":""},"class_list":["post-3534","page","type-page","status-publish","hentry"],"acf":[],"yoast_head":"<!-- This site is optimized with the Yoast SEO plugin v24.6 - https:\/\/yoast.com\/wordpress\/plugins\/seo\/ -->\n<title>Tienda | CARMEN SIMON ART<\/title>\n<meta name=\"description\" content=\"Descubre las obras originales y l\u00e1minas de arte de Carmen Simon. Compra online piezas \u00fanicas inspiradas en la naturaleza y el arte bot\u00e1nico.\" \/>\n<meta name=\"robots\" content=\"index, follow, max-snippet:-1, max-image-preview:large, max-video-preview:-1\" \/>\n<link rel=\"canonical\" href=\"https:\/\/www.carmensimonart.com\/botiga\/\" \/>\n<meta property=\"og:locale\" content=\"es_ES\" \/>\n<meta property=\"og:type\" content=\"article\" \/>\n<meta property=\"og:title\" content=\"Tienda | CARMEN SIMON ART\" \/>\n<meta property=\"og:description\" content=\"Descubre las obras originales y l\u00e1minas de arte de Carmen Simon. Compra online piezas \u00fanicas inspiradas en la naturaleza y el arte bot\u00e1nico.\" \/>\n<meta property=\"og:url\" content=\"https:\/\/www.carmensimonart.com\/botiga\/\" \/>\n<meta property=\"og:site_name\" content=\"CARMEN SIMON ART\" \/>\n<meta property=\"article:modified_time\" content=\"2025-03-17T14:57:57+00:00\" \/>\n<meta property=\"og:image\" content=\"https:\/\/www.carmensimonart.com\/wp-content\/uploads\/2021\/04\/Carmen-Simon-Marca-2.png\" \/>\n\t<meta property=\"og:image:width\" content=\"781\" \/>\n\t<meta property=\"og:image:height\" content=\"383\" \/>\n\t<meta property=\"og:image:type\" content=\"image\/png\" \/>\n<meta name=\"twitter:card\" content=\"summary_large_image\" \/>\n<meta name=\"twitter:label1\" content=\"Tiempo de lectura\" \/>\n\t<meta name=\"twitter:data1\" content=\"1 minuto\" \/>\n<script type=\"application\/ld+json\" class=\"yoast-schema-graph\">{\"@context\":\"https:\/\/schema.org\",\"@graph\":[{\"@type\":\"WebPage\",\"@id\":\"https:\/\/www.carmensimonart.com\/botiga\/\",\"url\":\"https:\/\/www.carmensimonart.com\/botiga\/\",\"name\":\"Tienda | CARMEN SIMON ART\",\"isPartOf\":{\"@id\":\"https:\/\/www.carmensimonart.com\/#website\"},\"datePublished\":\"2024-05-29T09:42:38+00:00\",\"dateModified\":\"2025-03-17T14:57:57+00:00\",\"description\":\"Descubre las obras originales y l\u00e1minas de arte de Carmen Simon. Compra online piezas \u00fanicas inspiradas en la naturaleza y el arte bot\u00e1nico.\",\"breadcrumb\":{\"@id\":\"https:\/\/www.carmensimonart.com\/botiga\/#breadcrumb\"},\"inLanguage\":\"es\",\"potentialAction\":[{\"@type\":\"ReadAction\",\"target\":[\"https:\/\/www.carmensimonart.com\/botiga\/\"]}]},{\"@type\":\"BreadcrumbList\",\"@id\":\"https:\/\/www.carmensimonart.com\/botiga\/#breadcrumb\",\"itemListElement\":[{\"@type\":\"ListItem\",\"position\":1,\"name\":\"Inici\",\"item\":\"https:\/\/www.carmensimonart.com\/es\/\"},{\"@type\":\"ListItem\",\"position\":2,\"name\":\"Tienda\"}]},{\"@type\":\"WebSite\",\"@id\":\"https:\/\/www.carmensimonart.com\/#website\",\"url\":\"https:\/\/www.carmensimonart.com\/\",\"name\":\"CARMEN SIMON ART\",\"description\":\"\",\"publisher\":{\"@id\":\"https:\/\/www.carmensimonart.com\/#organization\"},\"alternateName\":\"CARMEN SIMON ART\",\"potentialAction\":[{\"@type\":\"SearchAction\",\"target\":{\"@type\":\"EntryPoint\",\"urlTemplate\":\"https:\/\/www.carmensimonart.com\/?s={search_term_string}\"},\"query-input\":{\"@type\":\"PropertyValueSpecification\",\"valueRequired\":true,\"valueName\":\"search_term_string\"}}],\"inLanguage\":\"es\"},{\"@type\":\"Organization\",\"@id\":\"https:\/\/www.carmensimonart.com\/#organization\",\"name\":\"CARMEN SIMON ART\",\"alternateName\":\"CARMEN SIMON ART\",\"url\":\"https:\/\/www.carmensimonart.com\/\",\"logo\":{\"@type\":\"ImageObject\",\"inLanguage\":\"es\",\"@id\":\"https:\/\/www.carmensimonart.com\/#\/schema\/logo\/image\/\",\"url\":\"https:\/\/www.carmensimonart.com\/wp-content\/uploads\/2021\/04\/Carmen-Simon-Marca-1.png\",\"contentUrl\":\"https:\/\/www.carmensimonart.com\/wp-content\/uploads\/2021\/04\/Carmen-Simon-Marca-1.png\",\"width\":1259,\"height\":327,\"caption\":\"CARMEN SIMON ART\"},\"image\":{\"@id\":\"https:\/\/www.carmensimonart.com\/#\/schema\/logo\/image\/\"}}]}<\/script>\n<!-- \/ Yoast SEO plugin. -->","yoast_head_json":{"title":"Tienda | CARMEN SIMON ART","description":"Descubre las obras originales y l\u00e1minas de arte de Carmen Simon. Compra online piezas \u00fanicas inspiradas en la naturaleza y el arte bot\u00e1nico.","robots":{"index":"index","follow":"follow","max-snippet":"max-snippet:-1","max-image-preview":"max-image-preview:large","max-video-preview":"max-video-preview:-1"},"canonical":"https:\/\/www.carmensimonart.com\/botiga\/","og_locale":"es_ES","og_type":"article","og_title":"Tienda | CARMEN SIMON ART","og_description":"Descubre las obras originales y l\u00e1minas de arte de Carmen Simon. Compra online piezas \u00fanicas inspiradas en la naturaleza y el arte bot\u00e1nico.","og_url":"https:\/\/www.carmensimonart.com\/botiga\/","og_site_name":"CARMEN SIMON ART","article_modified_time":"2025-03-17T14:57:57+00:00","og_image":[{"width":781,"height":383,"url":"https:\/\/www.carmensimonart.com\/wp-content\/uploads\/2021\/04\/Carmen-Simon-Marca-2.png","type":"image\/png"}],"twitter_card":"summary_large_image","twitter_misc":{"Tiempo de lectura":"1 minuto"},"schema":{"@context":"https:\/\/schema.org","@graph":[{"@type":"WebPage","@id":"https:\/\/www.carmensimonart.com\/botiga\/","url":"https:\/\/www.carmensimonart.com\/botiga\/","name":"Tienda | CARMEN SIMON ART","isPartOf":{"@id":"https:\/\/www.carmensimonart.com\/#website"},"datePublished":"2024-05-29T09:42:38+00:00","dateModified":"2025-03-17T14:57:57+00:00","description":"Descubre las obras originales y l\u00e1minas de arte de Carmen Simon. Compra online piezas \u00fanicas inspiradas en la naturaleza y el arte bot\u00e1nico.","breadcrumb":{"@id":"https:\/\/www.carmensimonart.com\/botiga\/#breadcrumb"},"inLanguage":"es","potentialAction":[{"@type":"ReadAction","target":["https:\/\/www.carmensimonart.com\/botiga\/"]}]},{"@type":"BreadcrumbList","@id":"https:\/\/www.carmensimonart.com\/botiga\/#breadcrumb","itemListElement":[{"@type":"ListItem","position":1,"name":"Inici","item":"https:\/\/www.carmensimonart.com\/es\/"},{"@type":"ListItem","position":2,"name":"Tienda"}]},{"@type":"WebSite","@id":"https:\/\/www.carmensimonart.com\/#website","url":"https:\/\/www.carmensimonart.com\/","name":"CARMEN SIMON ART","description":"","publisher":{"@id":"https:\/\/www.carmensimonart.com\/#organization"},"alternateName":"CARMEN SIMON ART","potentialAction":[{"@type":"SearchAction","target":{"@type":"EntryPoint","urlTemplate":"https:\/\/www.carmensimonart.com\/?s={search_term_string}"},"query-input":{"@type":"PropertyValueSpecification","valueRequired":true,"valueName":"search_term_string"}}],"inLanguage":"es"},{"@type":"Organization","@id":"https:\/\/www.carmensimonart.com\/#organization","name":"CARMEN SIMON ART","alternateName":"CARMEN SIMON ART","url":"https:\/\/www.carmensimonart.com\/","logo":{"@type":"ImageObject","inLanguage":"es","@id":"https:\/\/www.carmensimonart.com\/#\/schema\/logo\/image\/","url":"https:\/\/www.carmensimonart.com\/wp-content\/uploads\/2021\/04\/Carmen-Simon-Marca-1.png","contentUrl":"https:\/\/www.carmensimonart.com\/wp-content\/uploads\/2021\/04\/Carmen-Simon-Marca-1.png","width":1259,"height":327,"caption":"CARMEN SIMON ART"},"image":{"@id":"https:\/\/www.carmensimonart.com\/#\/schema\/logo\/image\/"}}]}},"_links":{"self":[{"href":"https:\/\/www.carmensimonart.com\/es\/wp-json\/wp\/v2\/pages\/3534","targetHints":{"allow":["GET"]}}],"collection":[{"href":"https:\/\/www.carmensimonart.com\/es\/wp-json\/wp\/v2\/pages"}],"about":[{"href":"https:\/\/www.carmensimonart.com\/es\/wp-json\/wp\/v2\/types\/page"}],"author":[{"embeddable":true,"href":"https:\/\/www.carmensimonart.com\/es\/wp-json\/wp\/v2\/users\/1"}],"replies":[{"embeddable":true,"href":"https:\/\/www.carmensimonart.com\/es\/wp-json\/wp\/v2\/comments?post=3534"}],"version-history":[{"count":11,"href":"https:\/\/www.carmensimonart.com\/es\/wp-json\/wp\/v2\/pages\/3534\/revisions"}],"predecessor-version":[{"id":5013,"href":"https:\/\/www.carmensimonart.com\/es\/wp-json\/wp\/v2\/pages\/3534\/revisions\/5013"}],"wp:attachment":[{"href":"https:\/\/www.carmensimonart.com\/es\/wp-json\/wp\/v2\/media?parent=3534"}],"curies":[{"name":"wp","href":"https:\/\/api.w.org\/{rel}","templated":true}]}}